{"id":28,"date":"2024-07-28T11:21:27","date_gmt":"2024-07-28T11:21:27","guid":{"rendered":"https:\/\/www.maxplattner.at\/wordpress\/?page_id=28"},"modified":"2026-03-13T12:02:14","modified_gmt":"2026-03-13T12:02:14","slug":"about","status":"publish","type":"page","link":"https:\/\/maxplattner.at\/","title":{"rendered":"About"},"content":{"rendered":"\n<div class=\"wp-block-group alignwide has-global-padding is-content-justification-center is-layout-constrained wp-container-core-group-is-layout-b9894392 wp-block-group-is-layout-constrained\" id=\"CV\" style=\"padding-right:var(--wp--preset--spacing--10);padding-left:var(--wp--preset--spacing--10)\">\n<p class=\"has-contrast-2-color has-text-color has-link-color wp-elements-8ec281a40922d14a8bfc5930e11e6072\" style=\"margin-right:var(--wp--preset--spacing--10);margin-left:var(--wp--preset--spacing--10)\">Max Plattner, born 1994 in Innsbruck, Austria, is a renowned jazz drummer and composer. His musical education started early and he received significant awards such as the &#8220;Young Masters Scholarship&#8221; of the Outreach Festival in Schwaz in 2012 and the &#8220;Marianne Mendt F\u00f6rderpreis&#8221; in 2013, \u201cFalco Price\u201d (with p.m. love explosion), and Tonart Tirol\u2019s \u201cAlbum of the year\u201d in 2021.<br>In 2024, Saalfelden Jazz Festival selected him for their annual &#8220;Melting Pot&#8221; project. This led him to renowned festivals such as Jazzfest Berlin and Jazztopad in Poland. In 2025, he accepted an invitation to be the musician in residence at &#8220;Hin &amp; Weg&#8221; theater festival in Litschau.<\/p>\n\n\n\n<p class=\"has-contrast-2-color has-text-color has-link-color wp-elements-2abb339b03944a9d5aa62add04146cb0\" style=\"margin-right:var(--wp--preset--spacing--10);margin-left:var(--wp--preset--spacing--10)\">Plattner studied jazz drums in the class of Herbert Pirker at ABPU in Linz, where he specialized in media composition and computer music. During his career, he collaborated with acclaimed musicians such as J. Hoard, Georg Breinschmid, David Helbock, Peter Herbert, Karl Ritter, Raphael Preuschl, Steph Kondert, Andrea Motis, Fabian Rucker, Phil Nykrin, David Six, Andrej Prozorov, Yasmo (&amp; die Klangkantine), and many others. His versatility as a drummer and his talent as a composer and producer have earned him international recognition.<\/p>\n\n\n\n<p class=\"has-contrast-2-color has-text-color has-link-color wp-elements-f45c1d438021f546be8604acc75d18a9\" style=\"margin-right:var(--wp--preset--spacing--10);margin-left:var(--wp--preset--spacing--10)\">He released two EPs (\u201cBeta EP\u201d and \u201cBeats &amp; Ballads\u201d) and the album \u201cII\u201d with the Max Plattner Trio. His most recent release is the concept album \u201cPloy\u201d. He has also recorded as a sideman for a wide variety of artists.<\/p>\n\n\n\n<p class=\"has-contrast-2-color has-text-color has-link-color wp-elements-785891783158aa3aab3a197cb59a7227\" style=\"margin-right:var(--wp--preset--spacing--10);margin-left:var(--wp--preset--spacing--10)\">Max Plattner is known for his creative approach to music and his ability to realize complex musical ideas and make them accessible to the listener. Often highlighted is his melodic approach to percussion, which opens up new compositional possibilities in many of his musical projects. His work spans a wide variety of contemporary genres, including jazz, new music, hip hop and pop. His musical career is marked by an impressive discography and numerous performances throughout Europe &amp; Asia.<\/p>\n<\/div>\n\n\n\n<div style=\"height:100px\" aria-hidden=\"true\" class=\"wp-block-spacer\"><\/div>\n\n\n\n<div class=\"wp-block-group centered-grid has-background is-layout-grid wp-container-core-group-is-layout-0e82c502 wp-block-group-is-layout-grid\" style=\"background-color:#97ac9f\">\n<div class=\"wp-block-cover wp-duotone-duotone-2\"><img loading=\"lazy\" decoding=\"async\" width=\"1024\" height=\"1024\" class=\"wp-block-cover__image-background wp-image-68 size-large\" alt=\"\" src=\"https:\/\/maxplattner.at\/wp-content\/uploads\/2024\/08\/Max-Plattner-2-c-saLeh-roZati-e1722172241979-edited-1-1024x1024.jpg\" data-object-fit=\"cover\" srcset=\"https:\/\/maxplattner.at\/wp-content\/uploads\/2024\/08\/Max-Plattner-2-c-saLeh-roZati-e1722172241979-edited-1-1024x1024.jpg 1024w, https:\/\/maxplattner.at\/wp-content\/uploads\/2024\/08\/Max-Plattner-2-c-saLeh-roZati-e1722172241979-edited-1-300x300.jpg 300w, https:\/\/maxplattner.at\/wp-content\/uploads\/2024\/08\/Max-Plattner-2-c-saLeh-roZati-e1722172241979-edited-1-150x150.jpg 150w, https:\/\/maxplattner.at\/wp-content\/uploads\/2024\/08\/Max-Plattner-2-c-saLeh-roZati-e1722172241979-edited-1-768x769.jpg 768w, https:\/\/maxplattner.at\/wp-content\/uploads\/2024\/08\/Max-Plattner-2-c-saLeh-roZati-e1722172241979-edited-1.jpg 1280w\" sizes=\"auto, (max-width: 1024px) 100vw, 1024px\" \/><span aria-hidden=\"true\" class=\"wp-block-cover__background has-background-dim\" style=\"background-color:#2e1620\"><\/span><div class=\"wp-block-cover__inner-container has-global-padding is-layout-constrained wp-block-cover-is-layout-constrained\">\n<p class=\"has-text-align-center has-text-color has-link-color has-large-font-size wp-elements-903936ed66a9262d0616e2a7e3e166ae\" style=\"color:#e16036\"><strong><a href=\"https:\/\/maxplattner.at\/index.php\/dates\/\" data-type=\"page\" data-id=\"173\">DATES<\/a><\/strong><\/p>\n<\/div><\/div>\n\n\n\n<div class=\"wp-block-cover wp-duotone-duotone-2\"><img loading=\"lazy\" decoding=\"async\" width=\"1024\" height=\"1024\" class=\"wp-block-cover__image-background wp-image-70 size-large\" alt=\"Max Plattner in Motion 2\" src=\"https:\/\/maxplattner.at\/wp-content\/uploads\/2024\/08\/Max-Plattner-c-saLeh-roZati-edited-1024x1024.jpg\" data-object-fit=\"cover\" srcset=\"https:\/\/maxplattner.at\/wp-content\/uploads\/2024\/08\/Max-Plattner-c-saLeh-roZati-edited-1024x1024.jpg 1024w, https:\/\/maxplattner.at\/wp-content\/uploads\/2024\/08\/Max-Plattner-c-saLeh-roZati-edited-300x300.jpg 300w, https:\/\/maxplattner.at\/wp-content\/uploads\/2024\/08\/Max-Plattner-c-saLeh-roZati-edited-150x150.jpg 150w, https:\/\/maxplattner.at\/wp-content\/uploads\/2024\/08\/Max-Plattner-c-saLeh-roZati-edited-768x768.jpg 768w, https:\/\/maxplattner.at\/wp-content\/uploads\/2024\/08\/Max-Plattner-c-saLeh-roZati-edited-1536x1536.jpg 1536w, https:\/\/maxplattner.at\/wp-content\/uploads\/2024\/08\/Max-Plattner-c-saLeh-roZati-edited.jpg 1920w\" sizes=\"auto, (max-width: 1024px) 100vw, 1024px\" \/><span aria-hidden=\"true\" class=\"wp-block-cover__background has-background-dim\" style=\"background-color:#221721\"><\/span><div class=\"wp-block-cover__inner-container has-global-padding is-layout-constrained wp-block-cover-is-layout-constrained\">\n<p class=\"has-text-align-center has-text-color has-link-color has-large-font-size wp-elements-99b8a17dc375f00cf05bffcaf0ca33ae\" style=\"color:#e16036\"><strong><a href=\"https:\/\/maxplattner.at\/index.php\/projects\/\" data-type=\"page\" data-id=\"79\">PROJECTS<\/a><\/strong><\/p>\n<\/div><\/div>\n\n\n\n<div class=\"wp-block-cover wp-duotone-duotone-2\"><img loading=\"lazy\" decoding=\"async\" width=\"683\" height=\"1024\" class=\"wp-block-cover__image-background wp-image-11 size-large\" alt=\"Max Plattner In Motion 3\" src=\"https:\/\/maxplattner.at\/wp-content\/uploads\/2024\/07\/Max-Plattner-4-c-saLeh-roZati-683x1024.jpg\" data-object-fit=\"cover\" srcset=\"https:\/\/maxplattner.at\/wp-content\/uploads\/2024\/07\/Max-Plattner-4-c-saLeh-roZati-683x1024.jpg 683w, https:\/\/maxplattner.at\/wp-content\/uploads\/2024\/07\/Max-Plattner-4-c-saLeh-roZati-200x300.jpg 200w, https:\/\/maxplattner.at\/wp-content\/uploads\/2024\/07\/Max-Plattner-4-c-saLeh-roZati-768x1152.jpg 768w, https:\/\/maxplattner.at\/wp-content\/uploads\/2024\/07\/Max-Plattner-4-c-saLeh-roZati-1024x1536.jpg 1024w, https:\/\/maxplattner.at\/wp-content\/uploads\/2024\/07\/Max-Plattner-4-c-saLeh-roZati.jpg 1280w\" sizes=\"auto, (max-width: 683px) 100vw, 683px\" \/><span aria-hidden=\"true\" class=\"wp-block-cover__background has-background-dim\" style=\"background-color:#3c1d2a\"><\/span><div class=\"wp-block-cover__inner-container has-global-padding is-layout-constrained wp-block-cover-is-layout-constrained\">\n<p class=\"has-text-align-center has-text-color has-link-color has-large-font-size wp-elements-a3dcfa0d6bad0198075236e7d9629f3c\" style=\"color:#e16036\"><strong><a href=\"https:\/\/maxplattner.at\/index.php\/contact-press\/\" data-type=\"page\" data-id=\"61\">CONTACT<\/a><\/strong><\/p>\n<\/div><\/div>\n<\/div>\n\n\n\n<div style=\"height:100px\" aria-hidden=\"true\" class=\"wp-block-spacer\"><\/div>\n\n\n\n<h2 class=\"wp-block-heading has-text-align-center has-body-font-family\">PRESS<br><\/h2>\n\n\n\n<div class=\"wp-block-group centered-row is-horizontal is-content-justification-center is-nowrap is-layout-flex wp-container-core-group-is-layout-2256e7f1 wp-block-group-is-layout-flex\">\n<div class=\"wp-block-columns are-vertically-aligned-top wp-container-content-9cfa9a5a is-layout-flex wp-container-core-columns-is-layout-28f84493 wp-block-columns-is-layout-flex\">\n<div class=\"wp-block-column is-vertically-aligned-top has-background is-layout-flow wp-block-column-is-layout-flow\" style=\"background-color:#97ac9f;padding-top:var(--wp--preset--spacing--20);padding-right:var(--wp--preset--spacing--20);padding-bottom:var(--wp--preset--spacing--20);padding-left:var(--wp--preset--spacing--20)\">\n<p>\u201cHe has a unique voice on his instrument and convinces with his artistic vision and authenticity.\u201d&nbsp;&#8211; <em>Ljubi\u0161a To\u0161i\u0107, derStandard<\/em><\/p>\n\n\n\n<p>\u201cOne of the young shooting stars of Austrian jazz, drummer Max Plattner<strong>,<\/strong> leading a trio which included Fabian Rucker &#8230; and Marco Stagni. They very much seem to be reinventing the music for 2025.\u201d&nbsp;&#8211; <em>Oliver Weindling, <a href=\"https:\/\/ukjazznews.com\/jazz-festival-leibnitz-2025-jazz-wein-austria\/\" data-type=\"link\" data-id=\"https:\/\/ukjazznews.com\/jazz-festival-leibnitz-2025-jazz-wein-austria\/\" target=\"_blank\" rel=\"noreferrer noopener\">UK Jazz News<\/a><\/em><\/p>\n\n\n\n<p>The realization of his creative ideas succeeds in every moment\u201d&nbsp;&#8211; <em>Alexander Kochman, mica<\/em><\/p>\n\n\n\n<p>\u201eAustrian young drummer\/composer Max Plattner has a knack for song structures that involve enjoyable melodies, improvisation and groove.\u201c&nbsp;&#8211; <em>Filipe Freitas, JazzTrail NYC<\/em><\/p>\n\n\n\n<p>\u201cMusical one-dimensionality and adherence to classical standards are definitely not his thing. Rather, Max Plattner draws his inspiration from the most diverse musical directions. The art, which he masters excellently, consists of forming a very independent sound from the hodgepodge of different things.\u201d&nbsp;&#8211; <em>Michael Ternai, mica about the album \u201cPLOY\u201d<\/em><\/p>\n\n\n\n<p>\u201cEven if you are repeatedly cheered up by light swings and cheerful-sounding melodies, including the single \u2018Il Nano Masticatore\u2019, it is the heavy, intense numbers such as \u2018Root of Pie\u2019 that continue to have an effect for some time after listening.\u201d&nbsp;&#8211; <em>Adam Zehentner, Backbeat Magazine about the album \u201cII\u201d<\/em><\/p>\n\n\n\n<p>\u201cThe Euregio Collective Night offered three concerts featuring the trio of Austrian drummer Max Plattner, with Fabian Rucker with a dense and captivating phrasing on alto saxophone, the Wild Brush Quartet and the quartet \u2018Animali Nottunri\u2019 by Bolzano double bassist Marco Stagni, in which Plattner once again demonstrated the sensitive versatility of his playing.\u201d &#8211; <em>Giuseppe Segala, Allaboutjazz<\/em><\/p>\n\n\n\n<p>\u201cImprovisation and yet with a lot of plan and concreteness. Virtuosic and experimental and yet very accessible.\u201d&nbsp;&#8211; <em>Patrick Meerwald about \u201cPLOY\u201d<\/em><\/p>\n\n\n\n<p>ELMO NERO is beautifully exploring what&#8217;s possible in a guitar trio setting, finding many ways to express honesty, joy and beauty in this classic format.&#8221;&nbsp;&#8211; <em>Gilad Hekselman about the album ELMO NERO<\/em><\/p>\n<\/div>\n\n\n\n<div class=\"wp-block-column is-vertically-aligned-top is-layout-flow wp-block-column-is-layout-flow\">\n<figure class=\"wp-block-image size-large\"><img loading=\"lazy\" decoding=\"async\" width=\"683\" height=\"1024\" src=\"https:\/\/maxplattner.at\/wp-content\/uploads\/2024\/08\/IMG_0031_\u00a9FekryHelal_2023_BEARB_WEB_C-683x1024.jpg\" alt=\"Max Plattner Portrait\" class=\"wp-image-174\" srcset=\"https:\/\/maxplattner.at\/wp-content\/uploads\/2024\/08\/IMG_0031_\u00a9FekryHelal_2023_BEARB_WEB_C-683x1024.jpg 683w, https:\/\/maxplattner.at\/wp-content\/uploads\/2024\/08\/IMG_0031_\u00a9FekryHelal_2023_BEARB_WEB_C-200x300.jpg 200w, https:\/\/maxplattner.at\/wp-content\/uploads\/2024\/08\/IMG_0031_\u00a9FekryHelal_2023_BEARB_WEB_C-768x1152.jpg 768w, https:\/\/maxplattner.at\/wp-content\/uploads\/2024\/08\/IMG_0031_\u00a9FekryHelal_2023_BEARB_WEB_C-1024x1536.jpg 1024w, https:\/\/maxplattner.at\/wp-content\/uploads\/2024\/08\/IMG_0031_\u00a9FekryHelal_2023_BEARB_WEB_C.jpg 1280w\" sizes=\"auto, (max-width: 683px) 100vw, 683px\" \/><\/figure>\n<\/div>\n<\/div>\n<\/div>\n\n\n\n<div style=\"height:100px\" aria-hidden=\"true\" class=\"wp-block-spacer\"><\/div>\n","protected":false},"excerpt":{"rendered":"<p>Max Plattner, born 1994 in Innsbruck, Austria, is a renowned jazz drummer and composer. His musical education started early and he received significant awards such as the &#8220;Young Masters Scholarship&#8221; of the Outreach Festival in Schwaz in 2012 and the &#8220;Marianne Mendt F\u00f6rderpreis&#8221; in 2013, \u201cFalco Price\u201d (with p.m. love explosion), and Tonart Tirol\u2019s \u201cAlbum [&hellip;]<\/p>\n","protected":false},"author":1,"featured_media":0,"parent":0,"menu_order":0,"comment_status":"closed","ping_status":"closed","template":"","meta":{"footnotes":""},"class_list":["post-28","page","type-page","status-publish","hentry"],"_links":{"self":[{"href":"https:\/\/maxplattner.at\/index.php\/wp-json\/wp\/v2\/pages\/28","targetHints":{"allow":["GET"]}}],"collection":[{"href":"https:\/\/maxplattner.at\/index.php\/wp-json\/wp\/v2\/pages"}],"about":[{"href":"https:\/\/maxplattner.at\/index.php\/wp-json\/wp\/v2\/types\/page"}],"author":[{"embeddable":true,"href":"https:\/\/maxplattner.at\/index.php\/wp-json\/wp\/v2\/users\/1"}],"replies":[{"embeddable":true,"href":"https:\/\/maxplattner.at\/index.php\/wp-json\/wp\/v2\/comments?post=28"}],"version-history":[{"count":51,"href":"https:\/\/maxplattner.at\/index.php\/wp-json\/wp\/v2\/pages\/28\/revisions"}],"predecessor-version":[{"id":416,"href":"https:\/\/maxplattner.at\/index.php\/wp-json\/wp\/v2\/pages\/28\/revisions\/416"}],"wp:attachment":[{"href":"https:\/\/maxplattner.at\/index.php\/wp-json\/wp\/v2\/media?parent=28"}],"curies":[{"name":"wp","href":"https:\/\/api.w.org\/{rel}","templated":true}]}}